{"id":1672,"date":"2024-07-23T19:25:17","date_gmt":"2024-07-23T19:25:17","guid":{"rendered":"http:\/\/aquilacentar.com\/?page_id=1672"},"modified":"2025-05-29T09:29:07","modified_gmt":"2025-05-29T09:29:07","slug":"kursevi-2","status":"publish","type":"page","link":"https:\/\/aquilacentar.com\/index.php\/kursevi-2\/","title":{"rendered":"KURSEVI"},"content":{"rendered":"<p>[et_pb_section fb_built=&#8221;1&#8243; _builder_version=&#8221;4.27.0&#8243; _module_preset=&#8221;default&#8221; global_colors_info=&#8221;{}&#8221;][et_pb_row _builder_version=&#8221;4.27.0&#8243; _module_preset=&#8221;default&#8221; global_colors_info=&#8221;{}&#8221;][et_pb_column type=&#8221;4_4&#8243; _builder_version=&#8221;4.27.0&#8243; _module_preset=&#8221;default&#8221; global_colors_info=&#8221;{}&#8221;][et_pb_image src=&#8221;https:\/\/aquilacentar.com\/wp-content\/uploads\/2024\/08\/Online-kursevi.png&#8221; title_text=&#8221;Online kursevi&#8221; _builder_version=&#8221;4.27.0&#8243; _module_preset=&#8221;default&#8221; global_colors_info=&#8221;{}&#8221;][\/et_pb_image][\/et_pb_column][\/et_pb_row][\/et_pb_section][et_pb_section fb_built=&#8221;1&#8243; _builder_version=&#8221;4.25.1&#8243; _module_preset=&#8221;default&#8221; background_color=&#8221;#1b1b1b&#8221; link_option_url_new_window=&#8221;on&#8221; global_colors_info=&#8221;{}&#8221;][et_pb_row column_structure=&#8221;2_5,3_5&#8243; _builder_version=&#8221;4.25.1&#8243; _module_preset=&#8221;default&#8221; background_color=&#8221;#ffffff&#8221; link_option_url_new_window=&#8221;on&#8221; box_shadow_style=&#8221;preset6&#8243; global_colors_info=&#8221;{}&#8221;][et_pb_column type=&#8221;2_5&#8243; _builder_version=&#8221;4.25.0&#8243; _module_preset=&#8221;default&#8221; custom_padding=&#8221;|||0px|false|false&#8221; border_width_all=&#8221;14px&#8221; border_color_all=&#8221;#ffffff&#8221; global_colors_info=&#8221;{}&#8221;][et_pb_image src=&#8221;https:\/\/aquilacentar.com\/wp-content\/uploads\/2024\/08\/Temelji-uspesnog-online-poslovanja-1056-x-851-px.png&#8221; title_text=&#8221;Temelji uspe\u0161nog online poslovanja &#8221; url_new_window=&#8221;on&#8221; _builder_version=&#8221;4.27.0&#8243; _module_preset=&#8221;default&#8221; custom_margin=&#8221;|8px||8px|false|true&#8221; custom_margin_tablet=&#8221;|9px||9px|false|true&#8221; custom_margin_phone=&#8221;|6px||6px|false|true&#8221; custom_margin_last_edited=&#8221;on|phone&#8221; border_width_all=&#8221;0px&#8221; global_colors_info=&#8221;{}&#8221;][\/et_pb_image][\/et_pb_column][et_pb_column type=&#8221;3_5&#8243; _builder_version=&#8221;4.25.0&#8243; _module_preset=&#8221;default&#8221; global_colors_info=&#8221;{}&#8221;][et_pb_text _builder_version=&#8221;4.27.0&#8243; _module_preset=&#8221;default&#8221; header_font=&#8221;Roboto||||||||&#8221; width=&#8221;80%&#8221; width_tablet=&#8221;90%&#8221; width_phone=&#8221;85%&#8221; width_last_edited=&#8221;on|desktop&#8221; max_width=&#8221;100%&#8221; min_height=&#8221;272px&#8221; height=&#8221;305px&#8221; max_height=&#8221;1000px&#8221; custom_margin=&#8221;0px|0px|0px|0px|true|true&#8221; custom_margin_tablet=&#8221;-25px|25px|-25px|25px|true|true&#8221; custom_margin_phone=&#8221;-20px|20px|-20px|20px|true|true&#8221; custom_margin_last_edited=&#8221;on|phone&#8221; custom_padding=&#8221;12px|||0px|false|false&#8221; custom_padding_tablet=&#8221;12px|||0px|false|false&#8221; custom_padding_phone=&#8221;0px||||false|false&#8221; custom_padding_last_edited=&#8221;on|phone&#8221; link_option_url=&#8221;https:\/\/aquilacentar.com\/index.php\/2024\/03\/14\/mentorski-program-master\/&#8221; link_option_url_new_window=&#8221;on&#8221; border_width_all=&#8221;0px&#8221; border_color_all=&#8221;#ffffff&#8221; inline_fonts=&#8221;Roboto&#8221; global_colors_info=&#8221;{}&#8221;]<\/p>\n<p><span style=\"font-size: medium;\"><strong style=\"color: #9a0606;\">TEMELJI USPE\u0160NOG ONLINE POSLOVANJA<\/strong><\/span><\/p>\n<p><span style=\"font-size: medium; font-family: Roboto; font-weight: normal; color: #000000;\">Kurs <strong>&#8220;Temelji uspe\u0161nog online poslovanja&#8221;<\/strong> osmi\u0161ljen je da vas vodi kroz sve klju\u010dne korake potrebne za uspe\u0161no pokretanje i izgradnju va\u0161eg online biznisa.<\/span><\/p>\n<p><span style=\"font-size: medium; font-family: Roboto; font-weight: normal; color: #000000;\">Bez obzira na to da li ste po\u010detnik u digitalnom svetu ili ve\u0107 imate iskustva, ovaj kurs \u0107e vam pru\u017eiti sve potrebne alate i strategije za postavljanje \u010dvrstih temelja va\u0161eg poslovanja.<\/span><\/p>\n<p>&nbsp;<\/p>\n<p><span style=\"font-size: medium; font-family: Roboto; font-weight: normal; color: #000000;\">Detaljnije o programu pogledajte\u00a0<span style=\"color: #2ea3f2; font-size: x-large;\"><strong><a href=\"https:\/\/aquilacentar.com\/index.php\/2024\/08\/02\/1636\/\" target=\"_blank\" rel=\"noopener\" style=\"color: #2ea3f2; text-decoration: underline;\">ovde.<\/a><\/strong><\/span><\/span><\/p>\n<p>[\/et_pb_text][\/et_pb_column][\/et_pb_row][\/et_pb_section][et_pb_section fb_built=&#8221;1&#8243; _builder_version=&#8221;4.25.1&#8243; _module_preset=&#8221;default&#8221; background_color=&#8221;#1b1b1b&#8221; link_option_url_new_window=&#8221;on&#8221; global_colors_info=&#8221;{}&#8221;][et_pb_row column_structure=&#8221;2_5,3_5&#8243; _builder_version=&#8221;4.25.1&#8243; _module_preset=&#8221;default&#8221; background_color=&#8221;#ffffff&#8221; link_option_url_new_window=&#8221;on&#8221; box_shadow_style=&#8221;preset6&#8243; global_colors_info=&#8221;{}&#8221;][et_pb_column type=&#8221;2_5&#8243; _builder_version=&#8221;4.25.0&#8243; _module_preset=&#8221;default&#8221; custom_padding=&#8221;|||0px|false|false&#8221; border_width_all=&#8221;14px&#8221; border_color_all=&#8221;#ffffff&#8221; global_colors_info=&#8221;{}&#8221;][et_pb_image src=&#8221;https:\/\/aquilacentar.com\/wp-content\/uploads\/2024\/08\/Efikasnost-i-produktivnost-u-poslovanju-1.png&#8221; title_text=&#8221;Efikasnost i produktivnost u poslovanju&#8221; url_new_window=&#8221;on&#8221; _builder_version=&#8221;4.27.0&#8243; _module_preset=&#8221;default&#8221; custom_margin=&#8221;|8px||8px|false|true&#8221; custom_margin_tablet=&#8221;|9px||9px|false|true&#8221; custom_margin_phone=&#8221;|6px||6px|false|true&#8221; custom_margin_last_edited=&#8221;on|phone&#8221; border_width_all=&#8221;0px&#8221; global_colors_info=&#8221;{}&#8221;][\/et_pb_image][\/et_pb_column][et_pb_column type=&#8221;3_5&#8243; _builder_version=&#8221;4.25.0&#8243; _module_preset=&#8221;default&#8221; global_colors_info=&#8221;{}&#8221;][et_pb_text _builder_version=&#8221;4.27.0&#8243; _module_preset=&#8221;default&#8221; header_font=&#8221;Roboto||||||||&#8221; width=&#8221;80%&#8221; width_tablet=&#8221;90%&#8221; width_phone=&#8221;85%&#8221; width_last_edited=&#8221;on|desktop&#8221; max_width=&#8221;100%&#8221; min_height=&#8221;272px&#8221; height=&#8221;305px&#8221; max_height=&#8221;1000px&#8221; custom_margin=&#8221;0px|0px|0px|0px|true|true&#8221; custom_margin_tablet=&#8221;-25px|25px|-25px|25px|true|true&#8221; custom_margin_phone=&#8221;-20px|20px|-20px|20px|true|true&#8221; custom_margin_last_edited=&#8221;on|phone&#8221; custom_padding=&#8221;12px|||0px|false|false&#8221; custom_padding_tablet=&#8221;12px|||0px|false|false&#8221; custom_padding_phone=&#8221;0px||||false|false&#8221; custom_padding_last_edited=&#8221;on|phone&#8221; link_option_url=&#8221;https:\/\/aquilacentar.com\/index.php\/2024\/03\/14\/mentorski-program-master\/&#8221; link_option_url_new_window=&#8221;on&#8221; border_width_all=&#8221;0px&#8221; border_color_all=&#8221;#ffffff&#8221; inline_fonts=&#8221;Roboto&#8221; global_colors_info=&#8221;{}&#8221;]<\/p>\n<p><span style=\"font-size: medium;\"><strong style=\"color: #9a0606;\">EFIKASNOST I PRODUKTIVNOST U POSLOVANJU<\/strong><\/span><\/p>\n<p><span style=\"color: #000000; font-size: medium; font-family: inherit;\">Napredni nivo digitalnog marketinga i online poslovanja posebno je osmi\u0161ljen kako bismo vam omogu\u0107ili da unapredite svoja znanja, razvijete ve\u0161tine do savr\u0161enstva i postignete izuzetne rezultate u marketingu i online poslovanju.<\/span><\/p>\n<p><span style=\"font-size: large;\"><span style=\"color: #000000; font-family: inherit; font-size: medium;\">Detaljnije o programu pogledajte<\/span><span style=\"color: #2ea3f2;\">\u00a0<span style=\"text-decoration: underline;\"><span style=\"font-size: x-large;\"><strong><a href=\"https:\/\/aquilacentar.com\/index.php\/2024\/08\/02\/1611\/\" target=\"_blank\" rel=\"noopener\" style=\"color: #2ea3f2; text-decoration: underline;\">ovde.<\/a><\/strong><\/span><\/span><\/span><\/span><\/p>\n<p>[\/et_pb_text][\/et_pb_column][\/et_pb_row][\/et_pb_section][et_pb_section fb_built=&#8221;1&#8243; _builder_version=&#8221;4.25.1&#8243; _module_preset=&#8221;default&#8221; background_color=&#8221;#1b1b1b&#8221; link_option_url_new_window=&#8221;on&#8221; global_colors_info=&#8221;{}&#8221;][et_pb_row column_structure=&#8221;2_5,3_5&#8243; _builder_version=&#8221;4.25.1&#8243; _module_preset=&#8221;default&#8221; background_color=&#8221;#ffffff&#8221; link_option_url_new_window=&#8221;on&#8221; global_colors_info=&#8221;{}&#8221;][et_pb_column type=&#8221;2_5&#8243; _builder_version=&#8221;4.25.0&#8243; _module_preset=&#8221;default&#8221; global_colors_info=&#8221;{}&#8221;][et_pb_image src=&#8221;https:\/\/aquilacentar.com\/wp-content\/uploads\/2024\/05\/Biznis-komunikacija-strategije-u-marketingu-i-prodaja-1.png&#8221; title_text=&#8221;Biznis komunikacija, strategije u marketingu i prodaja&#8221; _builder_version=&#8221;4.25.1&#8243; _module_preset=&#8221;default&#8221; custom_margin=&#8221;|20px||20px|false|true&#8221; custom_margin_tablet=&#8221;|20px||20px|false|true&#8221; custom_margin_phone=&#8221;|20px||20px|false|true&#8221; custom_margin_last_edited=&#8221;on|phone&#8221; border_width_all=&#8221;0px&#8221; border_color_all=&#8221;#ffffff&#8221; global_colors_info=&#8221;{}&#8221;][\/et_pb_image][\/et_pb_column][et_pb_column type=&#8221;3_5&#8243; _builder_version=&#8221;4.25.0&#8243; _module_preset=&#8221;default&#8221; global_colors_info=&#8221;{}&#8221;][et_pb_text _builder_version=&#8221;4.25.1&#8243; _module_preset=&#8221;default&#8221; text_text_color=&#8221;#000000&#8243; width=&#8221;90%&#8221; width_tablet=&#8221;90%&#8221; width_phone=&#8221;85%&#8221; width_last_edited=&#8221;on|phone&#8221; custom_margin=&#8221;-30px|0px|-10px|0px|false|true&#8221; custom_margin_tablet=&#8221;|20px||20px|false|true&#8221; custom_margin_phone=&#8221;|20px||20px|false|true&#8221; custom_margin_last_edited=&#8221;on|phone&#8221; custom_padding=&#8221;5px||||false|false&#8221; custom_padding_tablet=&#8221;5px||||false|false&#8221; custom_padding_phone=&#8221;5px||||false|false&#8221; custom_padding_last_edited=&#8221;on|phone&#8221; link_option_url=&#8221;https:\/\/aquilacentar.com\/index.php\/2024\/04\/17\/biznis-komunikacija-strategije-u-marketingu-i-prodaja\/&#8221; link_option_url_new_window=&#8221;on&#8221; global_colors_info=&#8221;{}&#8221;]<\/p>\n<p><span style=\"color: #9a0606; font-size: medium;\"><strong><\/strong><\/span><\/p>\n<p><span style=\"color: #9a0606; font-size: medium;\"><strong><\/strong><\/span><\/p>\n<p><span style=\"color: #9a0606; font-size: medium;\"><strong>BIZNIS KOMUNIKACIJA,<br \/>STRATEGIJE U MARKETINGU I PRODAJA<\/strong><\/span><\/p>\n<p><span style=\"font-size: medium;\">Osmi\u0161ljen kako bismo vam omogu\u0107ili da steknete napredna znanja, razvijete ve\u0161tine do savr\u0161enstva i postignete izuzetne rezultate u liderstvu i online poslovanju.<\/span><\/p>\n<p><span style=\"font-size: large;\"><span style=\"font-size: medium;\">Detaljnije o programu pogledajte<\/span><span style=\"color: #2ea3f2;\"> <span style=\"font-size: x-large;\"><strong><a href=\"https:\/\/aquilacentar.com\/index.php\/2024\/04\/17\/biznis-komunikacija-strategije-u-marketingu-i-prodaja\/\" target=\"_blank\" rel=\"noopener\" style=\"color: #2ea3f2; text-decoration: underline;\">ovde.<\/a><\/strong><\/span><\/span><\/span><\/p>\n<p>[\/et_pb_text][\/et_pb_column][\/et_pb_row][\/et_pb_section][et_pb_section fb_built=&#8221;1&#8243; _builder_version=&#8221;4.25.1&#8243; _module_preset=&#8221;default&#8221; background_color=&#8221;#1b1b1b&#8221; link_option_url_new_window=&#8221;on&#8221; global_colors_info=&#8221;{}&#8221;][et_pb_row column_structure=&#8221;2_5,3_5&#8243; _builder_version=&#8221;4.27.4&#8243; _module_preset=&#8221;default&#8221; background_color=&#8221;#ffffff&#8221; link_option_url_new_window=&#8221;on&#8221; box_shadow_style=&#8221;preset6&#8243; global_colors_info=&#8221;{}&#8221;][et_pb_column type=&#8221;2_5&#8243; _builder_version=&#8221;4.25.0&#8243; _module_preset=&#8221;default&#8221; custom_padding=&#8221;|||0px|false|false&#8221; border_width_all=&#8221;14px&#8221; border_color_all=&#8221;#ffffff&#8221; global_colors_info=&#8221;{}&#8221;][et_pb_image src=&#8221;https:\/\/aquilacentar.com\/wp-content\/uploads\/2025\/05\/slika-3c.png&#8221; title_text=&#8221;Od po\u010detnika do lidera&#8221; url_new_window=&#8221;on&#8221; _builder_version=&#8221;4.27.4&#8243; _module_preset=&#8221;default&#8221; custom_margin=&#8221;|8px||8px|false|true&#8221; custom_margin_tablet=&#8221;|9px||9px|false|true&#8221; custom_margin_phone=&#8221;|6px||6px|false|true&#8221; custom_margin_last_edited=&#8221;on|phone&#8221; border_width_all=&#8221;0px&#8221; global_colors_info=&#8221;{}&#8221;][\/et_pb_image][\/et_pb_column][et_pb_column type=&#8221;3_5&#8243; _builder_version=&#8221;4.25.0&#8243; _module_preset=&#8221;default&#8221; global_colors_info=&#8221;{}&#8221;][et_pb_text _builder_version=&#8221;4.27.4&#8243; _module_preset=&#8221;default&#8221; header_font=&#8221;Roboto||||||||&#8221; width=&#8221;80%&#8221; width_tablet=&#8221;90%&#8221; width_phone=&#8221;85%&#8221; width_last_edited=&#8221;on|desktop&#8221; max_width=&#8221;100%&#8221; min_height=&#8221;272px&#8221; height=&#8221;305px&#8221; max_height=&#8221;1000px&#8221; custom_margin=&#8221;0px|0px|0px|0px|true|true&#8221; custom_margin_tablet=&#8221;-25px|25px|-25px|25px|true|true&#8221; custom_margin_phone=&#8221;-20px|20px|-20px|20px|true|true&#8221; custom_margin_last_edited=&#8221;on|phone&#8221; custom_padding=&#8221;12px|||0px|false|false&#8221; custom_padding_tablet=&#8221;12px|||0px|false|false&#8221; custom_padding_phone=&#8221;0px||||false|false&#8221; custom_padding_last_edited=&#8221;on|phone&#8221; link_option_url=&#8221;https:\/\/aquilacentar.com\/index.php\/2024\/03\/14\/mentorski-program-master\/&#8221; link_option_url_new_window=&#8221;on&#8221; hover_enabled=&#8221;0&#8243; border_width_all=&#8221;0px&#8221; border_color_all=&#8221;#ffffff&#8221; inline_fonts=&#8221;Roboto&#8221; global_colors_info=&#8221;{}&#8221; sticky_enabled=&#8221;0&#8243;]<\/p>\n<p><span style=\"font-size: medium;\"><strong style=\"color: #9a0606;\">&#8220;OD PO\u010cETNIKA DO LIDERA &#8211; KLJU\u010cNI KORACI ZA USPE\u0160AN START U MRE\u017dNOM MARKETINGU&#8221;\u00a0\u00a0<\/strong><\/span><span><br \/><\/span><\/p>\n<p><span style=\"color: #000000; font-size: medium; font-family: inherit;\">Kako da zapo\u010dne\u0161 i gradi\u0161 svoj biznis u mre\u017enom marketingu, sa jasnim konkretnim koracima, bez nesigurnosti i po\u010detni\u010dkih gre\u0161aka.<\/span><\/p>\n<p><span style=\"font-size: large;\"><span style=\"color: #000000; font-family: inherit; font-size: medium;\">Detaljnije o programu pogledajte<\/span>\u00a0<span style=\"text-decoration: underline; font-size: x-large;\"><span style=\"color: #2ea3f2;\"><strong><a href=\"https:\/\/aquilacentar.com\/index.php\/2025\/05\/28\/od-pocetnika-do-lidera-kljucni-koraci-za-uspesan-start-u-mreznom-marketingu\/\" target=\"_blank\" rel=\"noopener\" style=\"color: #2ea3f2; text-decoration: underline;\">ovde.<\/a><\/strong><\/span><\/span><\/span><\/p>\n<p>[\/et_pb_text][\/et_pb_column][\/et_pb_row][\/et_pb_section][et_pb_section fb_built=&#8221;1&#8243; _builder_version=&#8221;4.25.1&#8243; _module_preset=&#8221;default&#8221; background_color=&#8221;#000000&#8243; global_colors_info=&#8221;{}&#8221;][et_pb_row column_structure=&#8221;1_2,1_2&#8243; _builder_version=&#8221;4.25.0&#8243; _module_preset=&#8221;default&#8221; global_colors_info=&#8221;{}&#8221;][et_pb_column type=&#8221;1_2&#8243; _builder_version=&#8221;4.25.0&#8243; _module_preset=&#8221;default&#8221; global_colors_info=&#8221;{}&#8221;][et_pb_text _builder_version=&#8221;4.25.1&#8243; _module_preset=&#8221;default&#8221; text_font_size=&#8221;13px&#8221; header_font_size=&#8221;29px&#8221; width=&#8221;100%&#8221; max_width=&#8221;100%&#8221; max_width_tablet=&#8221;&#8221; max_width_phone=&#8221;85%&#8221; max_width_last_edited=&#8221;on|desktop&#8221; custom_margin=&#8221;|0px||0px|false|true&#8221; custom_margin_tablet=&#8221;|||-25px|false|false&#8221; custom_margin_phone=&#8221;|||-10px|false|false&#8221; custom_margin_last_edited=&#8221;on|desktop&#8221; text_font_size_tablet=&#8221;&#8221; text_font_size_phone=&#8221;&#8221; text_font_size_last_edited=&#8221;on|desktop&#8221; inline_fonts=&#8221;Roboto&#8221; global_colors_info=&#8221;{}&#8221;]<\/p>\n<p><span style=\"color: #e3d89c; font-size: large;\"><strong>PRIJAVITE SE ZA KURS<br \/><\/strong><\/span><\/p>\n<p><span style=\"color: #e3d89c;\"><strong> <\/strong><span style=\"font-size: large;\"><strong>Popunite formu i uskoro \u0107e vas kontaktirati neko<br \/>iz biznis tima Aquila Solutions.<\/strong><\/span><\/span><\/p>\n<p><strong> <\/strong><\/p>\n<p><strong><\/strong><\/p>\n<p>[\/et_pb_text][\/et_pb_column][et_pb_column type=&#8221;1_2&#8243; _builder_version=&#8221;4.25.0&#8243; _module_preset=&#8221;default&#8221; global_colors_info=&#8221;{}&#8221;][et_pb_contact_form email=&#8221;info@aquilacentar.com&#8221; use_redirect=&#8221;on&#8221; success_message=&#8221;Uspe\u0161no ste se prijavili. Uskoro \u0107e Vas kontaktirati neko iz tima.&#8221; submit_button_text=&#8221;PRIJAVA&#8221; _builder_version=&#8221;4.27.0&#8243; _module_preset=&#8221;97dea407-934b-46fb-9304-51e511528972&#8243; form_field_background_color=&#8221;#e3d89c&#8221; form_field_text_color=&#8221;#000000&#8243; form_field_custom_margin=&#8221;|20px||20px|false|true&#8221; form_field_custom_padding=&#8221;15px||15px||true|true&#8221; title_font=&#8221;Roboto|500|||||||&#8221; title_text_color=&#8221;#000000&#8243; captcha_font=&#8221;Roboto|500|||||||&#8221; captcha_text_color=&#8221;#e3d89c&#8221; captcha_font_size=&#8221;20px&#8221; form_field_font=&#8221;Roboto||||||||&#8221; background_color=&#8221;#000000&#8243; button_text_size=&#8221;18px&#8221; button_bg_color=&#8221;#8324DB&#8221; button_border_radius=&#8221;5px&#8221; button_font=&#8221;Roboto|700||on|||||&#8221; button_custom_margin=&#8221;|20px||20px|false|true&#8221; button_custom_padding=&#8221;10px|24px|10px|24px|true|true&#8221; custom_margin=&#8221;|-40px|||false|false&#8221; custom_margin_tablet=&#8221;|-49px||-49px|false|false&#8221; custom_margin_phone=&#8221;|-30px||-30px|false|true&#8221; custom_margin_last_edited=&#8221;on|phone&#8221; link_option_url_new_window=&#8221;on&#8221; title_font_tablet=&#8221;&#8221; title_font_phone=&#8221;&#8221; title_font_last_edited=&#8221;on|desktop&#8221; form_field_font_tablet=&#8221;&#8221; form_field_font_phone=&#8221;&#8221; form_field_font_last_edited=&#8221;on|desktop&#8221; form_field_letter_spacing_tablet=&#8221;&#8221; form_field_letter_spacing_phone=&#8221;&#8221; form_field_letter_spacing_last_edited=&#8221;on|desktop&#8221; form_field_line_height_tablet=&#8221;&#8221; form_field_line_height_phone=&#8221;&#8221; form_field_line_height_last_edited=&#8221;on|desktop&#8221; border_radii=&#8221;on|5px|5px|5px|5px&#8221; border_color_all=&#8221;gcid-606d042f-c90f-4ea6-97e7-7b08f1ba25f6&#8243; locked=&#8221;off&#8221; global_colors_info=&#8221;{%22gcid-606d042f-c90f-4ea6-97e7-7b08f1ba25f6%22:%91%22button_bg_color%22,%22border_color_all%22,%22border_color_all%22,%22border_color_all%22,%22border_color_all%22,%22border_color_all%22,%22border_color_all%22%93}&#8221;][et_pb_contact_field field_id=&#8221;IME_I_PREZIME&#8221; field_title=&#8221;IME I PREZIME&#8221; min_length=&#8221;5&#8243; max_length=&#8221;30&#8243; fullwidth_field=&#8221;on&#8221; _builder_version=&#8221;4.25.1&#8243; _module_preset=&#8221;default&#8221; form_field_background_color=&#8221;#e3d89c&#8221; form_field_font=&#8221;Roboto|500|||||||&#8221; background_enable_color=&#8221;off&#8221; global_colors_info=&#8221;{}&#8221; button_text_size__hover_enabled=&#8221;off&#8221; button_one_text_size__hover_enabled=&#8221;off&#8221; button_two_text_size__hover_enabled=&#8221;off&#8221; button_text_color__hover_enabled=&#8221;off&#8221; button_one_text_color__hover_enabled=&#8221;off&#8221; button_two_text_color__hover_enabled=&#8221;off&#8221; button_border_width__hover_enabled=&#8221;off&#8221; button_one_border_width__hover_enabled=&#8221;off&#8221; button_two_border_width__hover_enabled=&#8221;off&#8221; button_border_color__hover_enabled=&#8221;off&#8221; button_one_border_color__hover_enabled=&#8221;off&#8221; button_two_border_color__hover_enabled=&#8221;off&#8221; button_border_radius__hover_enabled=&#8221;off&#8221; button_one_border_radius__hover_enabled=&#8221;off&#8221; button_two_border_radius__hover_enabled=&#8221;off&#8221; button_letter_spacing__hover_enabled=&#8221;off&#8221; button_one_letter_spacing__hover_enabled=&#8221;off&#8221; button_two_letter_spacing__hover_enabled=&#8221;off&#8221; button_bg_color__hover_enabled=&#8221;off&#8221; button_one_bg_color__hover_enabled=&#8221;off&#8221; button_two_bg_color__hover_enabled=&#8221;off&#8221;][\/et_pb_contact_field][et_pb_contact_field field_id=&#8221;BROJ_TELEFONA&#8221; field_title=&#8221;BROJ TELEFONA&#8221; fullwidth_field=&#8221;on&#8221; _builder_version=&#8221;4.25.1&#8243; _module_preset=&#8221;default&#8221; form_field_background_color=&#8221;#e3d89c&#8221; form_field_font=&#8221;Roboto|500|||||||&#8221; global_colors_info=&#8221;{}&#8221;][\/et_pb_contact_field][et_pb_contact_field field_id=&#8221;EMAIL_ADRESA&#8221; field_title=&#8221;EMAIL ADRESA&#8221; field_type=&#8221;email&#8221; fullwidth_field=&#8221;on&#8221; _builder_version=&#8221;4.25.1&#8243; _module_preset=&#8221;default&#8221; form_field_background_color=&#8221;#e3d89c&#8221; form_field_font=&#8221;Roboto|500|||||||&#8221; global_colors_info=&#8221;{}&#8221; button_text_size__hover_enabled=&#8221;off&#8221; button_one_text_size__hover_enabled=&#8221;off&#8221; button_two_text_size__hover_enabled=&#8221;off&#8221; button_text_color__hover_enabled=&#8221;off&#8221; button_one_text_color__hover_enabled=&#8221;off&#8221; button_two_text_color__hover_enabled=&#8221;off&#8221; button_border_width__hover_enabled=&#8221;off&#8221; button_one_border_width__hover_enabled=&#8221;off&#8221; button_two_border_width__hover_enabled=&#8221;off&#8221; button_border_color__hover_enabled=&#8221;off&#8221; button_one_border_color__hover_enabled=&#8221;off&#8221; button_two_border_color__hover_enabled=&#8221;off&#8221; button_border_radius__hover_enabled=&#8221;off&#8221; button_one_border_radius__hover_enabled=&#8221;off&#8221; button_two_border_radius__hover_enabled=&#8221;off&#8221; button_letter_spacing__hover_enabled=&#8221;off&#8221; button_one_letter_spacing__hover_enabled=&#8221;off&#8221; button_two_letter_spacing__hover_enabled=&#8221;off&#8221; button_bg_color__hover_enabled=&#8221;off&#8221; button_one_bg_color__hover_enabled=&#8221;off&#8221; button_two_bg_color__hover_enabled=&#8221;off&#8221;][\/et_pb_contact_field][et_pb_contact_field field_id=&#8221;ZA_KOJI_KURS_SE_PRIJAVLJUJETE&#8221; field_title=&#8221;ZA KOJI KURS SE PRIJAVLJUJETE&#8221; field_type=&#8221;select&#8221; select_options=&#8221;%91{%22value%22:%22TEMELJI USPE\u0160NOG ONLINE POSLOVANJA%22,%22checked%22:0,%22dragID%22:-1},{%22value%22:%22EFIKASNOST I PRODUKTIVNOST U POSLOVANJU%22,%22checked%22:0,%22dragID%22:0},{%22value%22:%22BIZNIS KOMUNIKACIJA, STRATEGIJE U MARKETINGU I EFIKASNA PRODAJA%22,%22checked%22:0,%22dragID%22:1},{%22value%22:%22MENTORSKI MASTER PROGRAM%22,%22checked%22:0,%22dragID%22:2}%93&#8243; fullwidth_field=&#8221;on&#8221; _builder_version=&#8221;4.27.0&#8243; _module_preset=&#8221;default&#8221; form_field_text_color=&#8221;#000000&#8243; form_field_focus_text_color=&#8221;#000000&#8243; form_field_font=&#8221;Roboto|500|||||||&#8221; global_colors_info=&#8221;{}&#8221;][\/et_pb_contact_field][\/et_pb_contact_form][\/et_pb_column][\/et_pb_row][\/et_pb_section]<\/p>\n","protected":false},"excerpt":{"rendered":"<p>TEMELJI USPE\u0160NOG ONLINE POSLOVANJA Kurs &#8220;Temelji uspe\u0161nog online poslovanja&#8221; osmi\u0161ljen je da vas vodi kroz sve klju\u010dne korake potrebne za uspe\u0161no pokretanje i izgradnju va\u0161eg online biznisa. Bez obzira na to da li ste po\u010detnik u digitalnom svetu ili ve\u0107 imate iskustva, ovaj kurs \u0107e vam pru\u017eiti sve potrebne alate i strategije za postavljanje \u010dvrstih [&hellip;]<\/p>\n","protected":false},"author":1,"featured_media":0,"parent":0,"menu_order":0,"comment_status":"closed","ping_status":"closed","template":"","meta":{"_et_pb_use_builder":"on","_et_pb_old_content":"","_et_gb_content_width":"","footnotes":""},"class_list":["post-1672","page","type-page","status-publish","hentry"],"_links":{"self":[{"href":"https:\/\/aquilacentar.com\/index.php\/wp-json\/wp\/v2\/pages\/1672","targetHints":{"allow":["GET"]}}],"collection":[{"href":"https:\/\/aquilacentar.com\/index.php\/wp-json\/wp\/v2\/pages"}],"about":[{"href":"https:\/\/aquilacentar.com\/index.php\/wp-json\/wp\/v2\/types\/page"}],"author":[{"embeddable":true,"href":"https:\/\/aquilacentar.com\/index.php\/wp-json\/wp\/v2\/users\/1"}],"replies":[{"embeddable":true,"href":"https:\/\/aquilacentar.com\/index.php\/wp-json\/wp\/v2\/comments?post=1672"}],"version-history":[{"count":15,"href":"https:\/\/aquilacentar.com\/index.php\/wp-json\/wp\/v2\/pages\/1672\/revisions"}],"predecessor-version":[{"id":2612,"href":"https:\/\/aquilacentar.com\/index.php\/wp-json\/wp\/v2\/pages\/1672\/revisions\/2612"}],"wp:attachment":[{"href":"https:\/\/aquilacentar.com\/index.php\/wp-json\/wp\/v2\/media?parent=1672"}],"curies":[{"name":"wp","href":"https:\/\/api.w.org\/{rel}","templated":true}]}}